{"id":48,"date":"2020-07-12T18:20:04","date_gmt":"2020-07-12T21:20:04","guid":{"rendered":"http:\/\/artweb.net.br\/v8\/?page_id=48"},"modified":"2023-08-17T08:06:02","modified_gmt":"2023-08-17T11:06:02","slug":"o-escritorio","status":"publish","type":"page","link":"https:\/\/knk.adv.br\/?page_id=48","title":{"rendered":"O Escrit\u00f3rio"},"content":{"rendered":"\t\t<div data-elementor-type=\"wp-page\" data-elementor-id=\"48\" class=\"elementor elementor-48\" data-elementor-post-type=\"page\">\n\t\t\t\t\t\t<section data-dce-background-image-url=\"https:\/\/knk.adv.br\/wp-content\/uploads\/2022\/04\/Sem-Titulo-1.jpg\" class=\"elementor-section elementor-top-section elementor-element elementor-element-a1fd364 elementor-section-height-min-height elementor-section-boxed elementor-section-height-default elementor-section-items-middle elementor-invisible\" data-id=\"a1fd364\" data-element_type=\"section\" data-settings=\"{&quot;background_background&quot;:&quot;classic&quot;,&quot;animation&quot;:&quot;fadeInDown&quot;}\">\n\t\t\t\t\t\t<div class=\"elementor-container elementor-column-gap-default\">\n\t\t\t\t\t<div class=\"elementor-column elementor-col-100 elementor-top-column elementor-element elementor-element-69a29bc\" data-id=\"69a29bc\" data-element_type=\"column\">\n\t\t\t<div class=\"elementor-widget-wrap elementor-element-populated\">\n\t\t\t\t\t\t<div class=\"elementor-element elementor-element-6963984 elementor-widget__width-auto elementor-widget elementor-widget-heading\" data-id=\"6963984\" data-element_type=\"widget\" data-widget_type=\"heading.default\">\n\t\t\t\t<div class=\"elementor-widget-container\">\n\t\t\t<h2 class=\"elementor-heading-title elementor-size-default\">o escrit\u00f3rio<\/h2>\t\t<\/div>\n\t\t\t\t<\/div>\n\t\t\t\t\t<\/div>\n\t\t<\/div>\n\t\t\t\t\t<\/div>\n\t\t<\/section>\n\t\t\t\t<section class=\"elementor-section elementor-top-section elementor-element elementor-element-b430057 elementor-section-full_width elementor-section-height-default elementor-section-height-default\" data-id=\"b430057\" data-element_type=\"section\">\n\t\t\t\t\t\t<div class=\"elementor-container elementor-column-gap-default\">\n\t\t\t\t\t<div class=\"elementor-column elementor-col-100 elementor-top-column elementor-element elementor-element-0736f3c\" data-id=\"0736f3c\" data-element_type=\"column\">\n\t\t\t<div class=\"elementor-widget-wrap elementor-element-populated\">\n\t\t\t\t\t\t<div class=\"elementor-element elementor-element-458135d elementor--h-position-center elementor--v-position-middle elementor-widget elementor-widget-slides\" data-id=\"458135d\" data-element_type=\"widget\" data-settings=\"{&quot;navigation&quot;:&quot;none&quot;,&quot;transition&quot;:&quot;fade&quot;,&quot;transition_speed&quot;:0,&quot;autoplay&quot;:&quot;yes&quot;,&quot;pause_on_hover&quot;:&quot;yes&quot;,&quot;pause_on_interaction&quot;:&quot;yes&quot;,&quot;autoplay_speed&quot;:5000,&quot;infinite&quot;:&quot;yes&quot;}\" data-widget_type=\"slides.default\">\n\t\t\t\t<div class=\"elementor-widget-container\">\n\t\t\t\t\t<div class=\"elementor-swiper\">\n\t\t\t<div class=\"elementor-slides-wrapper elementor-main-swiper swiper\" dir=\"ltr\" data-animation=\"fadeInUp\">\n\t\t\t\t<div class=\"swiper-wrapper elementor-slides\">\n\t\t\t\t\t\t\t\t\t\t<div class=\"elementor-repeater-item-7ccfc68 swiper-slide\"><div class=\"swiper-slide-bg\" role=\"img\"><\/div><div class=\"swiper-slide-inner\" ><div class=\"swiper-slide-contents\"><\/div><\/div><\/div>\t\t\t\t<\/div>\n\t\t\t\t\t\t\t<\/div>\n\t\t<\/div>\n\t\t\t\t<\/div>\n\t\t\t\t<\/div>\n\t\t\t\t\t<\/div>\n\t\t<\/div>\n\t\t\t\t\t<\/div>\n\t\t<\/section>\n\t\t\t\t<section class=\"elementor-section elementor-top-section elementor-element elementor-element-0f4f1db elementor-section-height-min-height elementor-section-boxed elementor-section-height-default elementor-section-items-middle\" data-id=\"0f4f1db\" data-element_type=\"section\">\n\t\t\t\t\t\t<div class=\"elementor-container elementor-column-gap-default\">\n\t\t\t\t\t<div class=\"elementor-column elementor-col-100 elementor-top-column elementor-element elementor-element-5842d6a\" data-id=\"5842d6a\" data-element_type=\"column\">\n\t\t\t<div class=\"elementor-widget-wrap elementor-element-populated\">\n\t\t\t\t\t\t<div class=\"elementor-element elementor-element-f9c06a1 elementor-widget elementor-widget-global elementor-global-4673 elementor-widget-text-editor\" data-id=\"f9c06a1\" data-element_type=\"widget\" data-widget_type=\"text-editor.default\">\n\t\t\t\t<div class=\"elementor-widget-container\">\n\t\t\t\t\t\t\t<p>\u00a0 \u00a0 \u00a0Fundado em 1997, o escrit\u00f3rio KNIJNIK ADVOCACIA tem por objetivo assistir clientes pessoas f\u00edsicas e jur\u00eddicas em todas as suas necessidades na \u00e1rea jur\u00eddica, contenciosa ou consultiva, mediante elevados padr\u00f5es de qualidade. <br \/>\u00a0 \u00a0 O escrit\u00f3rio atua nos ramos do Direito Administrativo, Direito Ambiental, Direito Civil, Direito Constitucional, Direito Empresarial, Direito Penal Econ\u00f4mico, Direito Trabalhista, Direito Tribut\u00e1rio e Media\u00e7\u00e3o &amp; Arbitragem. <br \/>\u00a0 \u00a0 Sua combativa e firme atua\u00e7\u00e3o pauta-se pelo atendimento personalizado, extremo zelo e cuidado na presta\u00e7\u00e3o profissional, acompanhamento diligente e sistem\u00e1tico das demandas sob sua responsabilidade, bem como pela observ\u00e2ncia de rigorosos padr\u00f5es \u00e9ticos e de sigilo dos assuntos que lhe s\u00e3o confiados. O aperfei\u00e7oamento profissional e acad\u00eamico tamb\u00e9m faz parte da cultura do escrit\u00f3rio, sendo seus integrantes estimulados ao desenvolvimento de carreiras universit\u00e1rias e \u00e0 permanente atualiza\u00e7\u00e3o. <br \/>\u00a0 \u00a0 O escrit\u00f3rio conta com correspondentes em v\u00e1rios estados do Pa\u00eds e no exterior, podendo, assim, atender \u00e0s mais diversas necessidades de seus clientes. <\/p>\t\t\t\t\t\t<\/div>\n\t\t\t\t<\/div>\n\t\t\t\t\t<\/div>\n\t\t<\/div>\n\t\t\t\t\t<\/div>\n\t\t<\/section>\n\t\t\t\t<\/div>\n\t\t","protected":false},"excerpt":{"rendered":"<p>o escrit\u00f3rio \u00a0 \u00a0 \u00a0Fundado em 1997, o escrit\u00f3rio KNIJNIK ADVOCACIA tem por objetivo legal buy trenbolone enanthate in usa for sale assistir clientes pessoas f\u00edsicas e jur\u00eddicas em todas as suas necessidades na \u00e1rea jur\u00eddica, contenciosa ou consultiva, mediante elevados padr\u00f5es de qualidade. \u00a0 \u00a0 O escrit\u00f3rio atua nos ramos do Direito Administrativo, Direito [&hellip;]<\/p>\n","protected":false},"author":1,"featured_media":0,"parent":0,"menu_order":0,"comment_status":"closed","ping_status":"closed","template":"elementor_header_footer","meta":{"_acf_changed":false,"footnotes":""},"class_list":["post-48","page","type-page","status-publish","hentry"],"acf":[],"yoast_head":"<!-- This site is optimized with the Yoast SEO plugin v23.6 - https:\/\/yoast.com\/wordpress\/plugins\/seo\/ -->\n<title>O Escrit\u00f3rio - KNIJNIK ADVOCACIA<\/title>\n<meta name=\"robots\" content=\"index, follow, max-snippet:-1, max-image-preview:large, max-video-preview:-1\" \/>\n<link rel=\"canonical\" href=\"https:\/\/knk.adv.br\/?page_id=48\" \/>\n<meta property=\"og:locale\" content=\"pt_BR\" \/>\n<meta property=\"og:type\" content=\"article\" \/>\n<meta property=\"og:title\" content=\"O Escrit\u00f3rio - KNIJNIK ADVOCACIA\" \/>\n<meta property=\"og:description\" content=\"o escrit\u00f3rio \u00a0 \u00a0 \u00a0Fundado em 1997, o escrit\u00f3rio KNIJNIK ADVOCACIA tem por objetivo legal buy trenbolone enanthate in usa for sale assistir clientes pessoas f\u00edsicas e jur\u00eddicas em todas as suas necessidades na \u00e1rea jur\u00eddica, contenciosa ou consultiva, mediante elevados padr\u00f5es de qualidade. \u00a0 \u00a0 O escrit\u00f3rio atua nos ramos do Direito Administrativo, Direito [&hellip;]\" \/>\n<meta property=\"og:url\" content=\"https:\/\/knk.adv.br\/?page_id=48\" \/>\n<meta property=\"og:site_name\" content=\"KNIJNIK ADVOCACIA\" \/>\n<meta property=\"article:modified_time\" content=\"2023-08-17T11:06:02+00:00\" \/>\n<meta name=\"twitter:card\" content=\"summary_large_image\" \/>\n<meta name=\"twitter:label1\" content=\"Est. tempo de leitura\" \/>\n\t<meta name=\"twitter:data1\" content=\"1 minuto\" \/>\n<script type=\"application\/ld+json\" class=\"yoast-schema-graph\">{\"@context\":\"https:\/\/schema.org\",\"@graph\":[{\"@type\":\"WebPage\",\"@id\":\"https:\/\/knk.adv.br\/?page_id=48\",\"url\":\"https:\/\/knk.adv.br\/?page_id=48\",\"name\":\"O Escrit\u00f3rio - KNIJNIK ADVOCACIA\",\"isPartOf\":{\"@id\":\"https:\/\/knk.adv.br\/#website\"},\"datePublished\":\"2020-07-12T21:20:04+00:00\",\"dateModified\":\"2023-08-17T11:06:02+00:00\",\"breadcrumb\":{\"@id\":\"https:\/\/knk.adv.br\/?page_id=48#breadcrumb\"},\"inLanguage\":\"pt-BR\",\"potentialAction\":[{\"@type\":\"ReadAction\",\"target\":[\"https:\/\/knk.adv.br\/?page_id=48\"]}]},{\"@type\":\"BreadcrumbList\",\"@id\":\"https:\/\/knk.adv.br\/?page_id=48#breadcrumb\",\"itemListElement\":[{\"@type\":\"ListItem\",\"position\":1,\"name\":\"In\u00edcio\",\"item\":\"https:\/\/knk.adv.br\/\"},{\"@type\":\"ListItem\",\"position\":2,\"name\":\"O Escrit\u00f3rio\"}]},{\"@type\":\"WebSite\",\"@id\":\"https:\/\/knk.adv.br\/#website\",\"url\":\"https:\/\/knk.adv.br\/\",\"name\":\"KNIJNIK ADVOCACIA\",\"description\":\"\",\"potentialAction\":[{\"@type\":\"SearchAction\",\"target\":{\"@type\":\"EntryPoint\",\"urlTemplate\":\"https:\/\/knk.adv.br\/?s={search_term_string}\"},\"query-input\":{\"@type\":\"PropertyValueSpecification\",\"valueRequired\":true,\"valueName\":\"search_term_string\"}}],\"inLanguage\":\"pt-BR\"}]}<\/script>\n<!-- \/ Yoast SEO plugin. -->","yoast_head_json":{"title":"O Escrit\u00f3rio - KNIJNIK ADVOCACIA","robots":{"index":"index","follow":"follow","max-snippet":"max-snippet:-1","max-image-preview":"max-image-preview:large","max-video-preview":"max-video-preview:-1"},"canonical":"https:\/\/knk.adv.br\/?page_id=48","og_locale":"pt_BR","og_type":"article","og_title":"O Escrit\u00f3rio - KNIJNIK ADVOCACIA","og_description":"o escrit\u00f3rio \u00a0 \u00a0 \u00a0Fundado em 1997, o escrit\u00f3rio KNIJNIK ADVOCACIA tem por objetivo legal buy trenbolone enanthate in usa for sale assistir clientes pessoas f\u00edsicas e jur\u00eddicas em todas as suas necessidades na \u00e1rea jur\u00eddica, contenciosa ou consultiva, mediante elevados padr\u00f5es de qualidade. \u00a0 \u00a0 O escrit\u00f3rio atua nos ramos do Direito Administrativo, Direito [&hellip;]","og_url":"https:\/\/knk.adv.br\/?page_id=48","og_site_name":"KNIJNIK ADVOCACIA","article_modified_time":"2023-08-17T11:06:02+00:00","twitter_card":"summary_large_image","twitter_misc":{"Est. tempo de leitura":"1 minuto"},"schema":{"@context":"https:\/\/schema.org","@graph":[{"@type":"WebPage","@id":"https:\/\/knk.adv.br\/?page_id=48","url":"https:\/\/knk.adv.br\/?page_id=48","name":"O Escrit\u00f3rio - KNIJNIK ADVOCACIA","isPartOf":{"@id":"https:\/\/knk.adv.br\/#website"},"datePublished":"2020-07-12T21:20:04+00:00","dateModified":"2023-08-17T11:06:02+00:00","breadcrumb":{"@id":"https:\/\/knk.adv.br\/?page_id=48#breadcrumb"},"inLanguage":"pt-BR","potentialAction":[{"@type":"ReadAction","target":["https:\/\/knk.adv.br\/?page_id=48"]}]},{"@type":"BreadcrumbList","@id":"https:\/\/knk.adv.br\/?page_id=48#breadcrumb","itemListElement":[{"@type":"ListItem","position":1,"name":"In\u00edcio","item":"https:\/\/knk.adv.br\/"},{"@type":"ListItem","position":2,"name":"O Escrit\u00f3rio"}]},{"@type":"WebSite","@id":"https:\/\/knk.adv.br\/#website","url":"https:\/\/knk.adv.br\/","name":"KNIJNIK ADVOCACIA","description":"","potentialAction":[{"@type":"SearchAction","target":{"@type":"EntryPoint","urlTemplate":"https:\/\/knk.adv.br\/?s={search_term_string}"},"query-input":{"@type":"PropertyValueSpecification","valueRequired":true,"valueName":"search_term_string"}}],"inLanguage":"pt-BR"}]}},"_links":{"self":[{"href":"https:\/\/knk.adv.br\/index.php?rest_route=\/wp\/v2\/pages\/48"}],"collection":[{"href":"https:\/\/knk.adv.br\/index.php?rest_route=\/wp\/v2\/pages"}],"about":[{"href":"https:\/\/knk.adv.br\/index.php?rest_route=\/wp\/v2\/types\/page"}],"author":[{"embeddable":true,"href":"https:\/\/knk.adv.br\/index.php?rest_route=\/wp\/v2\/users\/1"}],"replies":[{"embeddable":true,"href":"https:\/\/knk.adv.br\/index.php?rest_route=%2Fwp%2Fv2%2Fcomments&post=48"}],"version-history":[{"count":270,"href":"https:\/\/knk.adv.br\/index.php?rest_route=\/wp\/v2\/pages\/48\/revisions"}],"predecessor-version":[{"id":5363,"href":"https:\/\/knk.adv.br\/index.php?rest_route=\/wp\/v2\/pages\/48\/revisions\/5363"}],"wp:attachment":[{"href":"https:\/\/knk.adv.br\/index.php?rest_route=%2Fwp%2Fv2%2Fmedia&parent=48"}],"curies":[{"name":"wp","href":"https:\/\/api.w.org\/{rel}","templated":true}]}}